{"id":3293,"date":"2020-05-07T16:57:43","date_gmt":"2020-05-07T20:57:43","guid":{"rendered":"https:\/\/spacia.ca\/home\/"},"modified":"2026-02-18T10:05:28","modified_gmt":"2026-02-18T14:05:28","slug":"home","status":"publish","type":"page","link":"https:\/\/spacia.ca\/en\/","title":{"rendered":"Home"},"content":{"rendered":"\r\n\n<div class=\"slider-child\">\n\t<div class=\"flex-one\">\n\t\t<div class=\"top-bar\">\n\t\t\t<li id=\"nav_menu-2\" class=\"widget widget_nav_menu\"><\/li>\n\t\t<\/div>\n\t\t<div class=\"bottom-bar\">\n\t\t\t<li id=\"widget_sp_image-4\" class=\"widget widget_sp_image\"><h2 class=\"widgettitle\">linkedin<\/h2>\n<a href=\"https:\/\/www.linkedin.com\/company\/spacia-design\/\" target=\"_self\" class=\"widget_sp_image-image-link\" title=\"linkedin\" rel=\"noopener\"><img loading=\"lazy\" decoding=\"async\" width=\"16\" height=\"16\" alt=\"linkedin\" class=\"attachment-full\" style=\"max-width: 100%;\" src=\"https:\/\/spacia.ca\/wp-content\/uploads\/2019\/09\/linkedin.png\" \/><\/a><\/li>\n<li id=\"widget_sp_image-2\" class=\"widget widget_sp_image\"><h2 class=\"widgettitle\">facebook<\/h2>\n<a href=\"https:\/\/www.facebook.com\/spaciaconstruction\/\" target=\"_self\" class=\"widget_sp_image-image-link\" title=\"facebook\" rel=\"noopener\"><img loading=\"lazy\" decoding=\"async\" width=\"16\" height=\"16\" alt=\"facebook\" class=\"attachment-full\" style=\"max-width: 100%;\" src=\"https:\/\/spacia.ca\/wp-content\/uploads\/2019\/09\/facebook-1.png\" \/><\/a><\/li>\n<li id=\"widget_sp_image-3\" class=\"widget widget_sp_image\"><h2 class=\"widgettitle\">pinterest<\/h2>\n<a href=\"https:\/\/www.pinterest.fr\/spaciaconstruction\/\" target=\"_self\" class=\"widget_sp_image-image-link\" title=\"pinterest\" rel=\"noopener\"><img loading=\"lazy\" decoding=\"async\" width=\"16\" height=\"16\" alt=\"pinterest\" class=\"attachment-full\" style=\"max-width: 100%;\" src=\"https:\/\/spacia.ca\/wp-content\/uploads\/2019\/09\/pinterest.png\" \/><\/a><\/li>\n<li id=\"block-3\" class=\"widget widget_block widget_media_image\">\n<figure class=\"wp-block-image size-full is-resized\"><a href=\"https:\/\/www.instagram.com\/spacia.construction\/\" target=\"_blank\" rel=\"noopener\"><img loading=\"lazy\" decoding=\"async\" width=\"512\" height=\"512\" src=\"https:\/\/spacia.ca\/wp-content\/uploads\/2024\/03\/instagram.webp\" alt=\"\" class=\"wp-image-6969\" style=\"width:20px;height:auto\" srcset=\"https:\/\/spacia.ca\/wp-content\/uploads\/2024\/03\/instagram.webp 512w, https:\/\/spacia.ca\/wp-content\/uploads\/2024\/03\/instagram-300x300.webp 300w, https:\/\/spacia.ca\/wp-content\/uploads\/2024\/03\/instagram-150x150.webp 150w\" sizes=\"(max-width: 512px) 100vw, 512px\" \/><\/a><\/figure>\n<\/li>\n<li id=\"block-4\" class=\"widget widget_block widget_media_image\"><\/li>\n\t\t<\/div>\n\t<\/div>\n\t<div class=\"flex-two\">\n\t\t<div class=\"shoogaslider\"><div class=\"slids\" style=\"background-image: url(https:\/\/spacia.ca\/wp-content\/uploads\/2025\/11\/hero_optimized.webp)\"><div id=\"\" class=\"textparts\"><div class=\"layers_block\"><div class=\"homeslider-enuplimag_e01\">Redefining spaces<\/div><div class=\"homeslider-enuplimag_e02\">At Spacia, we design and build spaces that inspire how people live, work, and grow. From architecture to interior design and turnkey construction, we bring bold ideas to life across Quebec\u2014crafting residential, commercial, and mixed-use projects with purpose and style.<\/div><\/div><div class=\"buttons_block\"><div class=\"buttons0\"><a href=\"https:\/\/spacia.ca\/en\/services\/\" target=\"_self\">Discover spacia<\/a><\/div><\/div><\/div><\/div><\/div>\t<\/div>\t\n<\/div>\n\n  \t\r\n<h1>Commercial General Contractor for Turnkey Construction Projects<\/h1>\r\n<p>Spacia is a commercial general contractor specializing in the construction, renovation, and fit-out of commercial spaces. We act as project managers and coordinate all stakeholders to deliver a turnkey approach, from design to final delivery.<\/p>\r\n<h4>Speak With a Commercial General Contractor Today<\/h4>\r\n<p><a href=\"https:\/\/spacia.ca\/en\/contact-us\/\" target=\"_self\" rel=\"noopener\"> Discuss your project <\/a> <img loading=\"lazy\" decoding=\"async\" title=\"3D rendering of an environmentally friendly office space\" src=\"https:\/\/spacia.ca\/wp-content\/uploads\/2024\/12\/iStock-1350785271-1-scaled.jpg\" alt=\"3D rendering of an environmentally friendly office. Three-dimensional image of office space with work desks and light coming from large windows.\" width=\"2560\" height=\"1969\" \/> <img loading=\"lazy\" decoding=\"async\" title=\"Interior Of Luxury Clothing Store With Clothes, Shoes And Other Personal Accessories\" src=\"https:\/\/spacia.ca\/wp-content\/uploads\/2024\/12\/iStock-1357998170-scaled.jpg\" alt=\"Interior Of Luxury Clothing Store With Clothes, Shoes And Other Personal Accessories\" width=\"2560\" height=\"1707\" \/> <img loading=\"lazy\" decoding=\"async\" title=\"3D Render of Living room\" src=\"https:\/\/spacia.ca\/wp-content\/uploads\/2024\/12\/iStock-1407000336-1-scaled.jpg\" alt=\"3D Render of Living room\" width=\"2560\" height=\"2351\" \/> <img loading=\"lazy\" decoding=\"async\" title=\"Modern public place with stylish interior\" src=\"https:\/\/spacia.ca\/wp-content\/uploads\/2024\/12\/iStock-533699480-1-scaled.jpg\" alt=\"This is a special place for lovers. Elegant restaurant is illuminated and has romantic atmosphere\" width=\"2560\" height=\"1704\" \/> <img loading=\"lazy\" decoding=\"async\" title=\"Cozy restaurant for gathering with friends\" src=\"https:\/\/spacia.ca\/wp-content\/uploads\/2024\/12\/iStock-1159992039-scaled.jpg\" alt=\"Interior of cozy restaurant for gathering with friends, with tables, chairs, no people\" width=\"2560\" height=\"1708\" \/> <img loading=\"lazy\" decoding=\"async\" title=\"Modern Offices lobby interior area with elevators and stairs and with long reception desk\" src=\"https:\/\/spacia.ca\/wp-content\/uploads\/2024\/12\/iStock-1279230288-1-scaled.jpg\" alt=\"Modern and luxurious Offices lobby interior area with elevators and stairs. Long reception desk.\r\nBlack marble wall tiles decoration. 3d rendering\" width=\"2560\" height=\"1634\" \/><\/p>\r\n<h2>Successfully Completed Commercial Projects<\/h2>\r\n<p>Discover a selection of commercial projects completed by Spacia for businesses, investors, and developers.<\/p>\r\n<p><a href=\"https:\/\/spacia.ca\/en\/realisations\/\" target=\"_self\" rel=\"noopener\"> Discover <\/a> \n\t\t<div class=\"section test\">\n\t\t\t\n\t\t\t\n\t       \t<div class=\"col-lg-3 col-md-4 col-sm-6 col-xs-12 clearfix\">\n\t       \t<a style=\"text-decoration: none;\" href=\"https:\/\/spacia.ca\/en\/realisations\/nord-sud-honda\/\">\n\t        \t        <div class=\"blog_image\" style=\"background-image: url(https:\/\/spacia.ca\/wp-content\/uploads\/2022\/10\/5384_gorini.jpg);\"><\/div>\n\t        \t<div class=\"bottom-div\">\n\t        \t\t<h4>Nord Sud Honda<\/h4>\n\t\t\t\t\t<p><\/p>\n\t\t\t\t\t<div class=\"bg-div\"><\/div>\n\t\t\t\t<\/div>\n\t\t\t<\/a>\n\t\t    <\/div>\n\n\t    \n\t       \t<div class=\"col-lg-3 col-md-4 col-sm-6 col-xs-12 clearfix\">\n\t       \t<a style=\"text-decoration: none;\" href=\"https:\/\/spacia.ca\/en\/realisations\/federation-des-medecins-residents-du-quebec-2\/\">\n\t        \t        <div class=\"blog_image\" style=\"background-image: url(https:\/\/spacia.ca\/wp-content\/uploads\/2022\/06\/1263_gorini-scaled.jpg);\"><\/div>\n\t        \t<div class=\"bottom-div\">\n\t        \t\t<h4>F\u00e9d\u00e9ration des m\u00e9decins r\u00e9sidents du Qu\u00e9bec<\/h4>\n\t\t\t\t\t<p><p>F\u00e9d\u00e9ration des M\u00e9decins R\u00e9sidents du Qu\u00e9bec The purpose<\/p>\n\t\t\t\t\t<div class=\"bg-div\"><\/div>\n\t\t\t\t<\/div>\n\t\t\t<\/a>\n\t\t    <\/div>\n\n\t    \n\t       \t<div class=\"col-lg-3 col-md-4 col-sm-6 col-xs-12 clearfix\">\n\t       \t<a style=\"text-decoration: none;\" href=\"https:\/\/spacia.ca\/en\/realisations\/college-de-limmobilier-du-quebec\/\">\n\t        \t        <div class=\"blog_image\" style=\"background-image: url(https:\/\/spacia.ca\/wp-content\/uploads\/2022\/06\/9136_gorini.jpg);\"><\/div>\n\t        \t<div class=\"bottom-div\">\n\t        \t\t<h4>Coll\u00e8ge de l&#8217;Immobilier du Qu\u00e9bec<\/h4>\n\t\t\t\t\t<p><p>Coll\u00e8ge de l&#8217;Immobilier du Qu\u00e9bec The Coll\u00e8ge de<\/p>\n\t\t\t\t\t<div class=\"bg-div\"><\/div>\n\t\t\t\t<\/div>\n\t\t\t<\/a>\n\t\t    <\/div>\n\n\t    \n\t       \t<div class=\"col-lg-3 col-md-4 col-sm-6 col-xs-12 clearfix\">\n\t       \t<a style=\"text-decoration: none;\" href=\"https:\/\/spacia.ca\/en\/realisations\/corbeil-electromenagers-carrefour-laval\/\">\n\t        \t        <div class=\"blog_image\" style=\"background-image: url(https:\/\/spacia.ca\/wp-content\/uploads\/2021\/09\/2604_gorini.jpg);\"><\/div>\n\t        \t<div class=\"bottom-div\">\n\t        \t\t<h4>Corbeil \u00c9lectrom\u00e9nagers &#8211; Carrefour Laval<\/h4>\n\t\t\t\t\t<p><p>Corbeil \u00c9lectrom\u00e9nagers &#8211; Laval &nbsp; SECTOR :CONTACT<\/p>\n\t\t\t\t\t<div class=\"bg-div\"><\/div>\n\t\t\t\t<\/div>\n\t\t\t<\/a>\n\t\t    <\/div>\n\n\t    \t\t<\/div>\n\n  \t<\/p>\r\n<h3><a href=\"https:\/\/spacia.ca\/en\/services\/general-contractor\/\">Commercial General Contractor<\/a><\/h3>\r\n<p>Spacia acts as a commercial general contractor by providing full management of commercial construction projects, from planning to execution, with a single point of contact throughout the process.<\/p>\r\n<p><a href=\"https:\/\/spacia.ca\/en\/services\/general-contractor\/\" target=\"_self\" rel=\"noopener\"> Learn more <\/a><\/p>\r\n<h3><a href=\"https:\/\/spacia.ca\/en\/services\/turnkey-construction-projects\/\">Turnkey Commercial Construction<\/a><\/h3>\r\n<p>Our turnkey commercial construction services allow businesses to entrust their entire project to an experienced commercial general contractor.<\/p>\r\n<p><a href=\"https:\/\/spacia.ca\/en\/services\/turnkey-construction-projects\/\" target=\"_self\" rel=\"noopener\"> Learn more <\/a><\/p>\r\n<h3>Commercial and Industrial Interior Design<\/h3>\r\n<p>Spacia coordinates commercial and industrial interior design services in collaboration with specialized designers to create functional and high-performing spaces.<\/p>\r\n<h3>Design-Build Commercial Construction<\/h3>\r\n<p>Through a commercial design-build approach, Spacia simplifies projects by combining design and construction under centralized management.<\/p>\r\n<h3><a href=\"https:\/\/spacia.ca\/en\/services\/commercial-architecture-2\/\">Commercial Architecture<\/a><\/h3>\r\n<p>Spacia works closely with commercial architecture firms to ensure projects meet regulatory requirements and business objectives.<\/p>\r\n<p><a href=\"https:\/\/spacia.ca\/en\/services\/commercial-architecture-2\/\" target=\"_self\" rel=\"noopener\"> Learn more <\/a><\/p>\r\n<h3>Commercial Fit-Out<\/h3>\r\n<p>Spacia delivers commercial fit-out projects focused on optimizing layout, functionality, and the overall experience of existing business spaces.<\/p>\r\n<h3>Commercial Renovation<\/h3>\r\n<p>We carry out commercial renovation projects to modernize spaces, improve performance, and extend the value of commercial buildings.<\/p>\r\n<h3>Office Fit-Outs<\/h3>\r\n<p>Spacia supports businesses with office interior design to create work environments aligned with operational needs and growth objectives.<\/p>\r\n<h3><a href=\"https:\/\/spacia.ca\/en\/services\/commercial-and-industrial-building-expansion\/\">Commercial Building Expansions<\/a><\/h3>\r\n<p>Our commercial building expansion services increase usable space and capacity to support evolving business activities.<\/p>\r\n<p><a href=\"https:\/\/spacia.ca\/en\/services\/commercial-and-industrial-building-expansion\/\" target=\"_self\" rel=\"noopener\"> Learn more <\/a><\/p>\r\n<h3><a href=\"https:\/\/spacia.ca\/en\/services\/medical-clinic-construction\/\">Medical Clinic Construction<\/a><\/h3>\r\n<p>Spacia delivers medical clinic construction projects while meeting the regulatory, technical, and functional requirements specific to the healthcare sector.<\/p>\r\n<p><a href=\"https:\/\/spacia.ca\/en\/services\/medical-clinic-construction\/\" target=\"_self\" rel=\"noopener\"> Learn more <\/a><\/p>\r\n<h3>\u00a0<a href=\"https:\/\/spacia.ca\/en\/services\/industrial-construction-2\/\">Industrial Construction<\/a><\/h3>\r\n<p>Spacia completes industrial construction projects by managing planning, coordination, and execution for buildings tailored to operational and technical requirements.<\/p>\r\n<p><a href=\"https:\/\/spacia.ca\/en\/services\/industrial-construction-2\/\" target=\"_self\" rel=\"noopener\"> Learn more <\/a><\/p>\r\n<h3><a href=\"https:\/\/spacia.ca\/en\/services\/interior-systems-1\/\">Interior Systems<\/a><\/h3>\r\n<p>We manage interior systems for commercial projects, including the coordination of essential technical work required for building performance.<\/p>\r\n<p><a href=\"https:\/\/spacia.ca\/en\/services\/interior-systems-1\/\" target=\"_self\" rel=\"noopener\"> Learn more <\/a><\/p>\r\n<h2>Expertise Dedicated to Commercial Projects<\/h2>\r\n<p>Spacia delivers a wide range of commercial projects, including offices, retail spaces, medical clinics, and mixed-use buildings. Our expertise is exclusively focused on commercial clients, including businesses, property owners, developers, and investors.<\/p>\r\n<p><a href=\"https:\/\/spacia.ca\/en\/contact-us\/\" target=\"_self\" rel=\"noopener\"> Contact us <\/a><\/p>\r\n<h2>Why Choose Spacia as Your Commercial General Contractor<\/h2>\r\n<h4>Spacia, a Trusted Partner for Your Commercial Projects<\/h4>\r\n<p><a href=\"https:\/\/spacia.ca\/en\/contact-us\/\" target=\"_self\" rel=\"noopener\"> Contact us <\/a><\/p>\r\n<h3 id=\"fl-accordion--label-0\" tabindex=\"0\" aria-controls=\"fl-accordion--panel-0\">A Commercial General Contractor Specializing in Commercial Projects<\/h3>\r\n<p><a id=\"fl-accordion--icon-0\" tabindex=\"0\" href=\"#\"><i title=\"D\u00e9plier\">D\u00e9plier<\/i><\/a><\/p>\r\n<p>Spacia acts as a commercial general contractor exclusively for commercial projects, with expertise tailored to the challenges faced by businesses and investors.<\/p>\r\n<h3 id=\"fl-accordion--label-1\" tabindex=\"0\" aria-controls=\"fl-accordion--panel-1\">Structured Project Management With a Single Point of Contact<\/h3>\r\n<p><a id=\"fl-accordion--icon-1\" tabindex=\"0\" href=\"#\"><i title=\"D\u00e9plier\">D\u00e9plier<\/i><\/a><\/p>\r\n<p>We provide centralized project management to simplify stakeholder coordination and ensure clear oversight throughout construction.<\/p>\r\n<h3 id=\"fl-accordion--label-2\" tabindex=\"0\" aria-controls=\"fl-accordion--panel-2\">A Turnkey Approach From Design to Delivery<\/h3>\r\n<p><a id=\"fl-accordion--icon-2\" tabindex=\"0\" href=\"#\"><i title=\"D\u00e9plier\">D\u00e9plier<\/i><\/a><\/p>\r\n<p>Our turnkey approach allows clients to entrust their entire project to a single team, from planning through execution.<\/p>\r\n<h3 id=\"fl-accordion--label-3\" tabindex=\"0\" aria-controls=\"fl-accordion--panel-3\">Collaboration With Specialized Architects and Designers<\/h3>\r\n<p><a id=\"fl-accordion--icon-3\" tabindex=\"0\" href=\"#\"><i title=\"D\u00e9plier\">D\u00e9plier<\/i><\/a><\/p>\r\n<p>Spacia works in partnership with external professionals to deliver compliant, functional, and high-performing commercial projects.<\/p>\r\n<h3 id=\"fl-accordion--label-4\" tabindex=\"0\" aria-controls=\"fl-accordion--panel-4\">Adherence to Budgets, Schedules, and Regulatory Standards<\/h3>\r\n<p><a id=\"fl-accordion--icon-4\" tabindex=\"0\" href=\"#\"><i title=\"D\u00e9plier\">D\u00e9plier<\/i><\/a><\/p>\r\n<p>Each project is delivered with strict attention to cost control, timelines, and regulatory requirements.<\/p>\r\n<h4>Last articles<\/h4>\r\n<p><a id=\"fl-accordion--label-0\" tabindex=\"0\" href=\"#\" aria-controls=\"fl-accordion--panel-0\">Learn more<\/a> <a id=\"fl-accordion--icon-0\" tabindex=\"0\" href=\"#\"><i title=\"D\u00e9plier\">D\u00e9plier<\/i><\/a><\/p>\r\n<h2>Commercial General Contractor in Montreal and Surrounding Areas<\/h2>\r\n<p>Based in Greater Montreal, Spacia supports clients in Montreal, Laval, Longueuil, and the North Shore, as well as other regions of Quebec depending on project requirements.<\/p>\r\n<h2>FAQ &#8211; Commercial General Contractor<\/h2>\r\n<h3>Does Spacia carry out residential projects?<\/h3>\r\n<p>No. Spacia is exclusively focused on commercial projects, including construction, renovation, and the fit-out of spaces for businesses, investors, and developers.<\/p>\r\n<h3>What is Spacia&#8217;s role in a commercial project?<\/h3>\r\n<p>Spacia acts as a commercial general contractor and project manager, overseeing planning, coordination, and execution from concept to delivery.<\/p>\r\n<h3>How do you choose a commercial general contractor for a commercial project?<\/h3>\r\n<p>Choosing a commercial general contractor involves assessing experience with commercial projects, project management capabilities, a turnkey approach, and collaboration with specialized professionals.<\/p>\r\n<h3>Does Spacia offer architecture and design services?<\/h3>\r\n<p>Spacia and its network of specialized collaborators, including architects, designers, and industry professionals, manage your entire commercial construction project from start to finish through a fully turnkey approach.<\/p>\r\n<h3>Which regions does Spacia serve?<\/h3>\r\n<p>Based in Greater Montreal, Spacia serves Montreal, Laval, Longueuil, and the North Shore, as well as certain regions within approximately 1 to 1.5 hours of Montreal, depending on the nature of the project.<\/p>\r\n<h3>Who are Spacia&#8217;s services intended for?<\/h3>\r\n<p>Spacia&#8217;s services are designed for businesses, property owners, developers, and investors seeking a commercial general contractor for structured commercial projects.<\/p>\r\n","protected":false},"excerpt":{"rendered":"<p>Commercial General Contractor for Turnkey Construction Projects","protected":false},"author":1,"featured_media":0,"parent":0,"menu_order":0,"comment_status":"closed","ping_status":"closed","template":"","meta":{"footnotes":""},"class_list":["post-3293","page","type-page","status-publish","hentry"],"_links":{"self":[{"href":"https:\/\/spacia.ca\/en\/wp-json\/wp\/v2\/pages\/3293"}],"collection":[{"href":"https:\/\/spacia.ca\/en\/wp-json\/wp\/v2\/pages"}],"about":[{"href":"https:\/\/spacia.ca\/en\/wp-json\/wp\/v2\/types\/page"}],"author":[{"embeddable":true,"href":"https:\/\/spacia.ca\/en\/wp-json\/wp\/v2\/users\/1"}],"replies":[{"embeddable":true,"href":"https:\/\/spacia.ca\/en\/wp-json\/wp\/v2\/comments?post=3293"}],"version-history":[{"count":13,"href":"https:\/\/spacia.ca\/en\/wp-json\/wp\/v2\/pages\/3293\/revisions"}],"predecessor-version":[{"id":8346,"href":"https:\/\/spacia.ca\/en\/wp-json\/wp\/v2\/pages\/3293\/revisions\/8346"}],"wp:attachment":[{"href":"https:\/\/spacia.ca\/en\/wp-json\/wp\/v2\/media?parent=3293"}],"curies":[{"name":"wp","href":"https:\/\/api.w.org\/{rel}","templated":true}]}}