{"id":3397,"date":"2020-05-18T10:33:31","date_gmt":"2020-05-18T14:33:31","guid":{"rendered":"https:\/\/spacia.ca\/free-estimate-request\/"},"modified":"2025-11-26T14:10:48","modified_gmt":"2025-11-26T18:10:48","slug":"free-estimate-request","status":"publish","type":"page","link":"https:\/\/spacia.ca\/en\/free-estimate-request\/","title":{"rendered":"Free estimate request"},"content":{"rendered":"\r\n\t\t<!-- Breadcrumb NavXT 7.4.1 -->\n<span property=\"itemListElement\" typeof=\"ListItem\"><a property=\"item\" typeof=\"WebPage\" title=\"Go to Spacia.\" href=\"https:\/\/spacia.ca\/en\/\" class=\"home\" aria-current=\"page\"><span property=\"name\">Spacia<\/span><\/a><meta property=\"position\" content=\"1\"><\/span>  \t\r\n<h2>Free estimate request<\/h2>\r\n<p>Share your project with us by filling out the following form and an advisor will contact you shortly<\/p>\r\n<p>Exchange with experts in the field<br \/>No obligation and no cost<br \/>Get the answers to your questions \n<div class=\"wpcf7 no-js\" id=\"wpcf7-f6761-o1\" lang=\"fr-CA\" dir=\"ltr\" data-wpcf7-id=\"6761\">\n<div class=\"screen-reader-response\"><p role=\"status\" aria-live=\"polite\" aria-atomic=\"true\"><\/p> <ul><\/ul><\/div>\n<form action=\"\/en\/wp-json\/wp\/v2\/pages\/3397#wpcf7-f6761-o1\" method=\"post\" class=\"wpcf7-form init\" aria-label=\"Contact form\" novalidate=\"novalidate\" data-status=\"init\">\n<div style=\"display: none;\">\n<input type=\"hidden\" name=\"_wpcf7\" value=\"6761\" \/>\n<input type=\"hidden\" name=\"_wpcf7_version\" value=\"6.0.6\" \/>\n<input type=\"hidden\" name=\"_wpcf7_locale\" value=\"fr_CA\" \/>\n<input type=\"hidden\" name=\"_wpcf7_unit_tag\" value=\"wpcf7-f6761-o1\" \/>\n<input type=\"hidden\" name=\"_wpcf7_container_post\" value=\"0\" \/>\n<input type=\"hidden\" name=\"_wpcf7_posted_data_hash\" value=\"\" \/>\n<input type=\"hidden\" name=\"_wpcf7_recaptcha_response\" value=\"\" \/>\n<\/div>\n<p><label> Nom Complet\/Full Name:<br \/>\n<span class=\"wpcf7-form-control-wrap\" data-name=\"your-name\"><input size=\"40\" maxlength=\"400\" class=\"wpcf7-form-control wpcf7-text wpcf7-validates-as-required\" autocomplete=\"name\" aria-required=\"true\" aria-invalid=\"false\" value=\"\" type=\"text\" name=\"your-name\" \/><\/span> <\/label>\n<\/p>\n<p><label> Courriel\/Email<br \/>\n<span class=\"wpcf7-form-control-wrap\" data-name=\"your-email\"><input size=\"40\" maxlength=\"400\" class=\"wpcf7-form-control wpcf7-email wpcf7-validates-as-required wpcf7-text wpcf7-validates-as-email\" autocomplete=\"email\" aria-required=\"true\" aria-invalid=\"false\" value=\"\" type=\"email\" name=\"your-email\" \/><\/span> <\/label>\n<\/p>\n<p><label> T\u00e9l\u00e9phone\/phone<br \/>\n<span class=\"wpcf7-form-control-wrap\" data-name=\"telephone\"><input size=\"40\" maxlength=\"400\" class=\"wpcf7-form-control wpcf7-tel wpcf7-validates-as-required wpcf7-text wpcf7-validates-as-tel\" aria-required=\"true\" aria-invalid=\"false\" value=\"\" type=\"tel\" name=\"telephone\" \/><\/span> <\/label>\n<\/p>\n<p><label> Adresse\/Address:<br \/>\n<span class=\"wpcf7-form-control-wrap\" data-name=\"adress\"><input size=\"40\" maxlength=\"400\" class=\"wpcf7-form-control wpcf7-text wpcf7-validates-as-required\" autocomplete=\"address\" aria-required=\"true\" aria-invalid=\"false\" value=\"\" type=\"text\" name=\"adress\" \/><\/span> <\/label>\n<\/p>\n<p><label> Message<br \/>\n<span class=\"wpcf7-form-control-wrap\" data-name=\"your-message\"><textarea cols=\"40\" rows=\"10\" maxlength=\"2000\" class=\"wpcf7-form-control wpcf7-textarea\" aria-invalid=\"false\" name=\"your-message\"><\/textarea><\/span> <\/label>\n<\/p>\n<input class=\"wpcf7-form-control wpcf7-hidden\" id=\"utm_source\" value=\"\" type=\"hidden\" name=\"utm_source\" \/>\n<input class=\"wpcf7-form-control wpcf7-hidden\" id=\"utm_medium\" value=\"\" type=\"hidden\" name=\"utm_medium\" \/>\n<input class=\"wpcf7-form-control wpcf7-hidden\" id=\"utm_campaign\" value=\"\" type=\"hidden\" name=\"utm_campaign\" \/>\n<p><input class=\"wpcf7-form-control wpcf7-submit has-spinner\" type=\"submit\" value=\"Envoyer\/Send\" \/>\n<\/p><div class=\"wpcf7-response-output\" aria-hidden=\"true\"><\/div>\n<\/form>\n<\/div>\n \n<div class=\"carousel\" data-flickity='{ \"pageDots\": false, \"wrapAround\": true }'>\n\t\t\t<\/div>\n\n  \t<\/p>\r\n<h2>Our Portfolio<\/h2>\r\n<p><a target=\"_self\" rel=\"noopener\"> See All <\/a> \n\t\t<div class=\"section test\">\n\t\t\t\n\t\t\t\n\t       \t<div class=\"col-lg-3 col-md-4 col-sm-6 col-xs-12 clearfix\">\n\t       \t<a style=\"text-decoration: none;\" href=\"https:\/\/spacia.ca\/en\/realisations\/nord-sud-honda\/\">\n\t        \t        <div class=\"blog_image\" style=\"background-image: url(https:\/\/spacia.ca\/wp-content\/uploads\/2022\/10\/5384_gorini.jpg);\"><\/div>\n\t        \t<div class=\"bottom-div\">\n\t        \t\t<h4>Nord Sud Honda<\/h4>\n\t\t\t\t\t<p><\/p>\n\t\t\t\t\t<div class=\"bg-div\"><\/div>\n\t\t\t\t<\/div>\n\t\t\t<\/a>\n\t\t    <\/div>\n\n\t    \n\t       \t<div class=\"col-lg-3 col-md-4 col-sm-6 col-xs-12 clearfix\">\n\t       \t<a style=\"text-decoration: none;\" href=\"https:\/\/spacia.ca\/en\/realisations\/federation-des-medecins-residents-du-quebec-2\/\">\n\t        \t        <div class=\"blog_image\" style=\"background-image: url(https:\/\/spacia.ca\/wp-content\/uploads\/2022\/06\/1263_gorini-scaled.jpg);\"><\/div>\n\t        \t<div class=\"bottom-div\">\n\t        \t\t<h4>F\u00e9d\u00e9ration des m\u00e9decins r\u00e9sidents du Qu\u00e9bec<\/h4>\n\t\t\t\t\t<p><p>F\u00e9d\u00e9ration des M\u00e9decins R\u00e9sidents du Qu\u00e9bec The purpose<\/p>\n\t\t\t\t\t<div class=\"bg-div\"><\/div>\n\t\t\t\t<\/div>\n\t\t\t<\/a>\n\t\t    <\/div>\n\n\t    \n\t       \t<div class=\"col-lg-3 col-md-4 col-sm-6 col-xs-12 clearfix\">\n\t       \t<a style=\"text-decoration: none;\" href=\"https:\/\/spacia.ca\/en\/realisations\/college-de-limmobilier-du-quebec\/\">\n\t        \t        <div class=\"blog_image\" style=\"background-image: url(https:\/\/spacia.ca\/wp-content\/uploads\/2022\/06\/9136_gorini.jpg);\"><\/div>\n\t        \t<div class=\"bottom-div\">\n\t        \t\t<h4>Coll\u00e8ge de l&#8217;Immobilier du Qu\u00e9bec<\/h4>\n\t\t\t\t\t<p><p>Coll\u00e8ge de l&#8217;Immobilier du Qu\u00e9bec The Coll\u00e8ge de<\/p>\n\t\t\t\t\t<div class=\"bg-div\"><\/div>\n\t\t\t\t<\/div>\n\t\t\t<\/a>\n\t\t    <\/div>\n\n\t    \n\t       \t<div class=\"col-lg-3 col-md-4 col-sm-6 col-xs-12 clearfix\">\n\t       \t<a style=\"text-decoration: none;\" href=\"https:\/\/spacia.ca\/en\/realisations\/corbeil-electromenagers-carrefour-laval\/\">\n\t        \t        <div class=\"blog_image\" style=\"background-image: url(https:\/\/spacia.ca\/wp-content\/uploads\/2021\/09\/2604_gorini.jpg);\"><\/div>\n\t        \t<div class=\"bottom-div\">\n\t        \t\t<h4>Corbeil \u00c9lectrom\u00e9nagers &#8211; Carrefour Laval<\/h4>\n\t\t\t\t\t<p><p>Corbeil \u00c9lectrom\u00e9nagers &#8211; Laval &nbsp; SECTOR :CONTACT<\/p>\n\t\t\t\t\t<div class=\"bg-div\"><\/div>\n\t\t\t\t<\/div>\n\t\t\t<\/a>\n\t\t    <\/div>\n\n\t    \t\t<\/div>\n\n  \t<\/p>\r\n","protected":false},"excerpt":{"rendered":"<p>Free estimate request Share your project with us by filling","protected":false},"author":1,"featured_media":2540,"parent":0,"menu_order":0,"comment_status":"closed","ping_status":"closed","template":"","meta":{"footnotes":""},"class_list":["post-3397","page","type-page","status-publish","has-post-thumbnail","hentry"],"_links":{"self":[{"href":"https:\/\/spacia.ca\/en\/wp-json\/wp\/v2\/pages\/3397"}],"collection":[{"href":"https:\/\/spacia.ca\/en\/wp-json\/wp\/v2\/pages"}],"about":[{"href":"https:\/\/spacia.ca\/en\/wp-json\/wp\/v2\/types\/page"}],"author":[{"embeddable":true,"href":"https:\/\/spacia.ca\/en\/wp-json\/wp\/v2\/users\/1"}],"replies":[{"embeddable":true,"href":"https:\/\/spacia.ca\/en\/wp-json\/wp\/v2\/comments?post=3397"}],"version-history":[{"count":4,"href":"https:\/\/spacia.ca\/en\/wp-json\/wp\/v2\/pages\/3397\/revisions"}],"predecessor-version":[{"id":8213,"href":"https:\/\/spacia.ca\/en\/wp-json\/wp\/v2\/pages\/3397\/revisions\/8213"}],"wp:featuredmedia":[{"embeddable":true,"href":"https:\/\/spacia.ca\/en\/wp-json\/wp\/v2\/media\/2540"}],"wp:attachment":[{"href":"https:\/\/spacia.ca\/en\/wp-json\/wp\/v2\/media?parent=3397"}],"curies":[{"name":"wp","href":"https:\/\/api.w.org\/{rel}","templated":true}]}}