{"id":3419,"date":"2020-05-18T12:19:31","date_gmt":"2020-05-18T16:19:31","guid":{"rendered":"https:\/\/spacia.ca\/realisations\/"},"modified":"2026-02-17T13:49:16","modified_gmt":"2026-02-17T17:49:16","slug":"realisations","status":"publish","type":"page","link":"https:\/\/spacia.ca\/en\/realisations\/","title":{"rendered":"Realisations"},"content":{"rendered":"\r\n\t\t<!-- Breadcrumb NavXT 7.4.1 -->\n<span property=\"itemListElement\" typeof=\"ListItem\"><a property=\"item\" typeof=\"WebPage\" title=\"Go to Spacia.\" href=\"https:\/\/spacia.ca\/en\/\" class=\"home\" aria-current=\"page\"><span property=\"name\">Spacia<\/span><\/a><meta property=\"position\" content=\"1\"><\/span>  \t\r\n<h1>Our Portfolio<\/h1>\r\n\n<div class=\"tab\"> \n\n\t\t\t\n\t\t<div>\n\t\t<a id=\"faqs\" class=\"active\">ALL<\/a>\n\t\t\t\t\t<a id=\"commercial-projects\">Commercial projects<\/a>\n\t\t\t\t\t<a id=\"residential-projects\">Residential projects<\/a>\n\t\t\t    <\/div>\n\n<\/div> \n\n\t\n\t<div class=\"section\">\n\t\t\t       \t<div class=\"col-lg-3 col-md-4 col-sm-6 col-xs-12 clearfix\">\n\t       \t<a style=\"text-decoration: none;\" href=\"https:\/\/spacia.ca\/en\/realisations\/nord-sud-honda\/\">\n\t        \t        <div class=\"blog_image\" style=\"background-image: url(https:\/\/spacia.ca\/wp-content\/uploads\/2022\/10\/5384_gorini.jpg);\"><\/div>\n\t        \t<div class=\"bottom-div\">\n\t        \t\t<h4>Nord Sud Honda<\/h4>\n\t\t\t\t\t<p><\/p>\n\t\t\t\t\t<div class=\"bg-div\"><\/div>\n\t\t\t\t<\/div>\n\t\t\t<\/a>\n\t\t    <\/div>\n\t    \t       \t<div class=\"col-lg-3 col-md-4 col-sm-6 col-xs-12 clearfix\">\n\t       \t<a style=\"text-decoration: none;\" href=\"https:\/\/spacia.ca\/en\/realisations\/federation-des-medecins-residents-du-quebec-2\/\">\n\t        \t        <div class=\"blog_image\" style=\"background-image: url(https:\/\/spacia.ca\/wp-content\/uploads\/2022\/06\/1263_gorini-scaled.jpg);\"><\/div>\n\t        \t<div class=\"bottom-div\">\n\t        \t\t<h4>F\u00e9d\u00e9ration des m\u00e9decins r\u00e9sidents du Qu\u00e9bec<\/h4>\n\t\t\t\t\t<p><p>F\u00e9d\u00e9ration des M\u00e9decins R\u00e9sidents du Qu\u00e9bec The purpose<\/p>\n\t\t\t\t\t<div class=\"bg-div\"><\/div>\n\t\t\t\t<\/div>\n\t\t\t<\/a>\n\t\t    <\/div>\n\t    \t       \t<div class=\"col-lg-3 col-md-4 col-sm-6 col-xs-12 clearfix\">\n\t       \t<a style=\"text-decoration: none;\" href=\"https:\/\/spacia.ca\/en\/realisations\/college-de-limmobilier-du-quebec\/\">\n\t        \t        <div class=\"blog_image\" style=\"background-image: url(https:\/\/spacia.ca\/wp-content\/uploads\/2022\/06\/9136_gorini.jpg);\"><\/div>\n\t        \t<div class=\"bottom-div\">\n\t        \t\t<h4>Coll\u00e8ge de l&#8217;Immobilier du Qu\u00e9bec<\/h4>\n\t\t\t\t\t<p><p>Coll\u00e8ge de l&#8217;Immobilier du Qu\u00e9bec The Coll\u00e8ge de<\/p>\n\t\t\t\t\t<div class=\"bg-div\"><\/div>\n\t\t\t\t<\/div>\n\t\t\t<\/a>\n\t\t    <\/div>\n\t    \t       \t<div class=\"col-lg-3 col-md-4 col-sm-6 col-xs-12 clearfix\">\n\t       \t<a style=\"text-decoration: none;\" href=\"https:\/\/spacia.ca\/en\/realisations\/corbeil-electromenagers-carrefour-laval\/\">\n\t        \t        <div class=\"blog_image\" style=\"background-image: url(https:\/\/spacia.ca\/wp-content\/uploads\/2021\/09\/2604_gorini.jpg);\"><\/div>\n\t        \t<div class=\"bottom-div\">\n\t        \t\t<h4>Corbeil \u00c9lectrom\u00e9nagers &#8211; Carrefour Laval<\/h4>\n\t\t\t\t\t<p><p>Corbeil \u00c9lectrom\u00e9nagers &#8211; Laval &nbsp; SECTOR :CONTACT<\/p>\n\t\t\t\t\t<div class=\"bg-div\"><\/div>\n\t\t\t\t<\/div>\n\t\t\t<\/a>\n\t\t    <\/div>\n\t    \t       \t<div class=\"col-lg-3 col-md-4 col-sm-6 col-xs-12 clearfix\">\n\t       \t<a style=\"text-decoration: none;\" href=\"https:\/\/spacia.ca\/en\/realisations\/cabana-seguin\/\">\n\t        \t        <div class=\"blog_image\" style=\"background-image: url(https:\/\/spacia.ca\/wp-content\/uploads\/2021\/09\/0028_gorini-1-scaled.jpg);\"><\/div>\n\t        \t<div class=\"bottom-div\">\n\t        \t\t<h4>Cabana S\u00e9guin<\/h4>\n\t\t\t\t\t<p><p>Cabana S\u00e9guin Office layout to support their growth. SECTOR<\/p>\n\t\t\t\t\t<div class=\"bg-div\"><\/div>\n\t\t\t\t<\/div>\n\t\t\t<\/a>\n\t\t    <\/div>\n\t    \t       \t<div class=\"col-lg-3 col-md-4 col-sm-6 col-xs-12 clearfix\">\n\t       \t<a style=\"text-decoration: none;\" href=\"https:\/\/spacia.ca\/en\/realisations\/bicycles-quilicot\/\">\n\t        \t        <div class=\"blog_image\" style=\"background-image: url(https:\/\/spacia.ca\/wp-content\/uploads\/2020\/02\/Bicycles_Quilicot_reamenagement_exterieur_commercial.jpg);\"><\/div>\n\t        \t<div class=\"bottom-div\">\n\t        \t\t<h4>Bicycles Quilicot<\/h4>\n\t\t\t\t\t<p><p>Bicycles Quilicot Bicycles Quilicot is a century-old company<\/p>\n\t\t\t\t\t<div class=\"bg-div\"><\/div>\n\t\t\t\t<\/div>\n\t\t\t<\/a>\n\t\t    <\/div>\n\t    \t       \t<div class=\"col-lg-3 col-md-4 col-sm-6 col-xs-12 clearfix\">\n\t       \t<a style=\"text-decoration: none;\" href=\"https:\/\/spacia.ca\/en\/realisations\/f-i-t-ventures\/\">\n\t        \t        <div class=\"blog_image\" style=\"background-image: url(https:\/\/spacia.ca\/wp-content\/uploads\/2020\/04\/Fit_Venture_Industriel_amenagement_bureau.jpg);\"><\/div>\n\t        \t<div class=\"bottom-div\">\n\t        \t\t<h4>F.I.T. Ventures<\/h4>\n\t\t\t\t\t<p><p>Fit Ventures is a private equity firm dedicated to creating<\/p>\n\t\t\t\t\t<div class=\"bg-div\"><\/div>\n\t\t\t\t<\/div>\n\t\t\t<\/a>\n\t\t    <\/div>\n\t    \t       \t<div class=\"col-lg-3 col-md-4 col-sm-6 col-xs-12 clearfix\">\n\t       \t<a style=\"text-decoration: none;\" href=\"https:\/\/spacia.ca\/en\/realisations\/gsoft\/\">\n\t        \t        <div class=\"blog_image\" style=\"background-image: url(https:\/\/spacia.ca\/wp-content\/uploads\/2020\/06\/Gsoft_bar_bureau_echeancier_budget_spacia.jpg);\"><\/div>\n\t        \t<div class=\"bottom-div\">\n\t        \t\t<h4>GSOFT<\/h4>\n\t\t\t\t\t<p><p>Execute construction work<\/p>\n<\/p>\n\t\t\t\t\t<div class=\"bg-div\"><\/div>\n\t\t\t\t<\/div>\n\t\t\t<\/a>\n\t\t    <\/div>\n\t    \t       \t<div class=\"col-lg-3 col-md-4 col-sm-6 col-xs-12 clearfix\">\n\t       \t<a style=\"text-decoration: none;\" href=\"https:\/\/spacia.ca\/en\/realisations\/acier-pointe-claire\/\">\n\t        \t        <div class=\"blog_image\" style=\"background-image: url(https:\/\/spacia.ca\/wp-content\/uploads\/2020\/08\/Acier-P-C_02132_RThibodeau.jpg);\"><\/div>\n\t        \t<div class=\"bottom-div\">\n\t        \t\t<h4>Acier Pointe-Claire<\/h4>\n\t\t\t\t\t<p><p>ACIER POINTE-CLAIRE Acier Pointe-Claire is a company specializez<\/p>\n\t\t\t\t\t<div class=\"bg-div\"><\/div>\n\t\t\t\t<\/div>\n\t\t\t<\/a>\n\t\t    <\/div>\n\t    \t       \t<div class=\"col-lg-3 col-md-4 col-sm-6 col-xs-12 clearfix\">\n\t       \t<a style=\"text-decoration: none;\" href=\"https:\/\/spacia.ca\/en\/realisations\/logient\/\">\n\t        \t        <div class=\"blog_image\" style=\"background-image: url(https:\/\/spacia.ca\/wp-content\/uploads\/2020\/08\/Logient_01314-1.jpg);\"><\/div>\n\t        \t<div class=\"bottom-div\">\n\t        \t\t<h4>LOGIENT<\/h4>\n\t\t\t\t\t<p><p>LOGIENT Design and renovate a new optimal commercial office<\/p>\n\t\t\t\t\t<div class=\"bg-div\"><\/div>\n\t\t\t\t<\/div>\n\t\t\t<\/a>\n\t\t    <\/div>\n\t    \t       \t<div class=\"col-lg-3 col-md-4 col-sm-6 col-xs-12 clearfix\">\n\t       \t<a style=\"text-decoration: none;\" href=\"https:\/\/spacia.ca\/en\/realisations\/espace-de-coworking-2c2b-boisbriand\/\">\n\t        \t        <div class=\"blog_image\" style=\"background-image: url(https:\/\/spacia.ca\/wp-content\/uploads\/2021\/05\/DBMI7495-HDR-1-scaled.jpg);\"><\/div>\n\t        \t<div class=\"bottom-div\">\n\t        \t\t<h4>2C2B Boisbriand<\/h4>\n\t\t\t\t\t<p><p>2C2B Boisbriand &nbsp; &nbsp; SECTOR : CONTACT DETAILS : 4908,<\/p>\n\t\t\t\t\t<div class=\"bg-div\"><\/div>\n\t\t\t\t<\/div>\n\t\t\t<\/a>\n\t\t    <\/div>\n\t    \t       \t<div class=\"col-lg-3 col-md-4 col-sm-6 col-xs-12 clearfix\">\n\t       \t<a style=\"text-decoration: none;\" href=\"https:\/\/spacia.ca\/en\/realisations\/les-nettoyeurs-whites\/\">\n\t        \t        <div class=\"blog_image\" style=\"background-image: url(https:\/\/spacia.ca\/wp-content\/uploads\/2019\/09\/Nettoyeurs_Whites_0028_1.jpg);\"><\/div>\n\t        \t<div class=\"bottom-div\">\n\t        \t\t<h4>Les Nettoyeurs White&#8217;s<\/h4>\n\t\t\t\t\t<p><p>A first branch for Les Nettoyeurs White&#8217;s!<\/p>\n<\/p>\n\t\t\t\t\t<div class=\"bg-div\"><\/div>\n\t\t\t\t<\/div>\n\t\t\t<\/a>\n\t\t    <\/div>\n\t    \t       \t<div class=\"col-lg-3 col-md-4 col-sm-6 col-xs-12 clearfix\">\n\t       \t<a style=\"text-decoration: none;\" href=\"https:\/\/spacia.ca\/en\/realisations\/aveva\/\">\n\t        \t        <div class=\"blog_image\" style=\"background-image: url(https:\/\/spacia.ca\/wp-content\/uploads\/2020\/09\/Aveva_02475_RThibodeau-2.jpg);\"><\/div>\n\t        \t<div class=\"bottom-div\">\n\t        \t\t<h4>AVEVA<\/h4>\n\t\t\t\t\t<p><\/p>\n\t\t\t\t\t<div class=\"bg-div\"><\/div>\n\t\t\t\t<\/div>\n\t\t\t<\/a>\n\t\t    <\/div>\n\t    \t       \t<div class=\"col-lg-3 col-md-4 col-sm-6 col-xs-12 clearfix\">\n\t       \t<a style=\"text-decoration: none;\" href=\"https:\/\/spacia.ca\/en\/realisations\/carebook\/\">\n\t        \t        <div class=\"blog_image\" style=\"background-image: url(https:\/\/spacia.ca\/wp-content\/uploads\/2020\/01\/Conceptum_CareBook_bureau_corporatif_air_commun.jpg);\"><\/div>\n\t        \t<div class=\"bottom-div\">\n\t        \t\t<h4>Carebook<\/h4>\n\t\t\t\t\t<p><p>Company wanting a turnkey office layout.<\/p>\n<\/p>\n\t\t\t\t\t<div class=\"bg-div\"><\/div>\n\t\t\t\t<\/div>\n\t\t\t<\/a>\n\t\t    <\/div>\n\t    \t       \t<div class=\"col-lg-3 col-md-4 col-sm-6 col-xs-12 clearfix\">\n\t       \t<a style=\"text-decoration: none;\" href=\"https:\/\/spacia.ca\/en\/realisations\/point-g\/\">\n\t        \t        <div class=\"blog_image\" style=\"background-image: url(https:\/\/spacia.ca\/wp-content\/uploads\/2020\/09\/Photo-1-Point-G-1.jpeg);\"><\/div>\n\t        \t<div class=\"bottom-div\">\n\t        \t\t<h4>POINT G<\/h4>\n\t\t\t\t\t<p><p>POINT G &nbsp; &nbsp; SECTOR : Bureau corporatifCONTACT DETAILS<\/p>\n\t\t\t\t\t<div class=\"bg-div\"><\/div>\n\t\t\t\t<\/div>\n\t\t\t<\/a>\n\t\t    <\/div>\n\t    \t       \t<div class=\"col-lg-3 col-md-4 col-sm-6 col-xs-12 clearfix\">\n\t       \t<a style=\"text-decoration: none;\" href=\"https:\/\/spacia.ca\/en\/realisations\/nu-tone-co\/\">\n\t        \t        <div class=\"blog_image\" style=\"background-image: url(https:\/\/spacia.ca\/wp-content\/uploads\/2021\/05\/STEPH_ANNIE_DESIGN_20210504-9-scaled.jpg);\"><\/div>\n\t        \t<div class=\"bottom-div\">\n\t        \t\t<h4>Nu . Tone &#038; co<\/h4>\n\t\t\t\t\t<p><p>NUTONE-DENSI &nbsp; &nbsp; SECTOR : Bureau corporatif CONTACT<\/p>\n\t\t\t\t\t<div class=\"bg-div\"><\/div>\n\t\t\t\t<\/div>\n\t\t\t<\/a>\n\t\t    <\/div>\n\t    \t       \t<div class=\"col-lg-3 col-md-4 col-sm-6 col-xs-12 clearfix\">\n\t       \t<a style=\"text-decoration: none;\" href=\"https:\/\/spacia.ca\/en\/realisations\/liverpool-house\/\">\n\t        \t        <div class=\"blog_image\" style=\"background-image: url(https:\/\/spacia.ca\/wp-content\/uploads\/2020\/10\/2020-09-23_SC002_-_Liverpool_House-002.jpg);\"><\/div>\n\t        \t<div class=\"bottom-div\">\n\t        \t\t<h4>LiverPool House<\/h4>\n\t\t\t\t\t<p><p>LiverPool House SECTOR : Corporatif office CONTACT DETAIL<\/p>\n\t\t\t\t\t<div class=\"bg-div\"><\/div>\n\t\t\t\t<\/div>\n\t\t\t<\/a>\n\t\t    <\/div>\n\t    \t       \t<div class=\"col-lg-3 col-md-4 col-sm-6 col-xs-12 clearfix\">\n\t       \t<a style=\"text-decoration: none;\" href=\"https:\/\/spacia.ca\/en\/realisations\/aquafab\/\">\n\t        \t        <div class=\"blog_image\" style=\"background-image: url(https:\/\/spacia.ca\/wp-content\/uploads\/2021\/05\/0998_gorini.jpg);\"><\/div>\n\t        \t<div class=\"bottom-div\">\n\t        \t\t<h4>AQUAFAB<\/h4>\n\t\t\t\t\t<p><p>Aquafab &nbsp; SECTEUR : Bureau corporatifCOORDONN\u00c9ES : 975<\/p>\n\t\t\t\t\t<div class=\"bg-div\"><\/div>\n\t\t\t\t<\/div>\n\t\t\t<\/a>\n\t\t    <\/div>\n\t    \t       \t<div class=\"col-lg-3 col-md-4 col-sm-6 col-xs-12 clearfix\">\n\t       \t<a style=\"text-decoration: none;\" href=\"https:\/\/spacia.ca\/en\/realisations\/__trashed\/\">\n\t        \t        <div class=\"blog_image\" style=\"background-image: url(https:\/\/spacia.ca\/wp-content\/uploads\/2021\/03\/CARPEDIEM-F20-05-LR.jpg);\"><\/div>\n\t        \t<div class=\"bottom-div\">\n\t        \t\t<h4>ABC Clinique Sant\u00e9<\/h4>\n\t\t\t\t\t<p><\/p>\n\t\t\t\t\t<div class=\"bg-div\"><\/div>\n\t\t\t\t<\/div>\n\t\t\t<\/a>\n\t\t    <\/div>\n\t    \t       \t<div class=\"col-lg-3 col-md-4 col-sm-6 col-xs-12 clearfix\">\n\t       \t<a style=\"text-decoration: none;\" href=\"https:\/\/spacia.ca\/en\/realisations\/bilboquet\/\">\n\t        \t        <div class=\"blog_image\" style=\"background-image: url(https:\/\/spacia.ca\/wp-content\/uploads\/2019\/12\/Bilboquet_7309256_RThibodeau-punch-low.jpg);\"><\/div>\n\t        \t<div class=\"bottom-div\">\n\t        \t\t<h4>Bilboquet<\/h4>\n\t\t\t\t\t<p><p>Coming soon<\/p>\n<\/p>\n\t\t\t\t\t<div class=\"bg-div\"><\/div>\n\t\t\t\t<\/div>\n\t\t\t<\/a>\n\t\t    <\/div>\n\t    \t       \t<div class=\"col-lg-3 col-md-4 col-sm-6 col-xs-12 clearfix\">\n\t       \t<a style=\"text-decoration: none;\" href=\"https:\/\/spacia.ca\/en\/realisations\/aesus\/\">\n\t        \t        <div class=\"blog_image\" style=\"background-image: url(https:\/\/spacia.ca\/wp-content\/uploads\/2019\/12\/Aesus_reamenagement_bureaux.jpg);\"><\/div>\n\t        \t<div class=\"bottom-div\">\n\t        \t\t<h4>Aesus<\/h4>\n\t\t\t\t\t<p><p>Aesus manufactures custom packaging, filling, capping, coating<\/p>\n\t\t\t\t\t<div class=\"bg-div\"><\/div>\n\t\t\t\t<\/div>\n\t\t\t<\/a>\n\t\t    <\/div>\n\t    \t       \t<div class=\"col-lg-3 col-md-4 col-sm-6 col-xs-12 clearfix\">\n\t       \t<a style=\"text-decoration: none;\" href=\"https:\/\/spacia.ca\/en\/realisations\/centre-dentaire-les-cours\/\">\n\t        \t        <div class=\"blog_image\" style=\"background-image: url(https:\/\/spacia.ca\/wp-content\/uploads\/2019\/12\/Centre_dentaire_Les_Cours_reception.jpg);\"><\/div>\n\t        \t<div class=\"bottom-div\">\n\t        \t\t<h4>Centre Dentaire Les Cours<\/h4>\n\t\t\t\t\t<p><p>The Center Dentaire Les Cours is located in downtown Montreal.<\/p>\n\t\t\t\t\t<div class=\"bg-div\"><\/div>\n\t\t\t\t<\/div>\n\t\t\t<\/a>\n\t\t    <\/div>\n\t    \t       \t<div class=\"col-lg-3 col-md-4 col-sm-6 col-xs-12 clearfix\">\n\t       \t<a style=\"text-decoration: none;\" href=\"https:\/\/spacia.ca\/en\/realisations\/c3-solutions\/\">\n\t        \t        <div class=\"blog_image\" style=\"background-image: url(https:\/\/spacia.ca\/wp-content\/uploads\/2019\/09\/C3-Solutions_nothern_electrique_moderne_bureau.jpg);\"><\/div>\n\t        \t<div class=\"bottom-div\">\n\t        \t\t<h4>C3 Solutions<\/h4>\n\t\t\t\t\t<p><p>Optimal office design<\/p>\n<\/p>\n\t\t\t\t\t<div class=\"bg-div\"><\/div>\n\t\t\t\t<\/div>\n\t\t\t<\/a>\n\t\t    <\/div>\n\t    \t       \t<div class=\"col-lg-3 col-md-4 col-sm-6 col-xs-12 clearfix\">\n\t       \t<a style=\"text-decoration: none;\" href=\"https:\/\/spacia.ca\/en\/realisations\/club-atwater\/\">\n\t        \t        <div class=\"blog_image\" style=\"background-image: url(https:\/\/spacia.ca\/wp-content\/uploads\/2019\/09\/Club-Atwater_detail_construction_reunion_amenagement.jpg);\"><\/div>\n\t        \t<div class=\"bottom-div\">\n\t        \t\t<h4>Club Atwater<\/h4>\n\t\t\t\t\t<p><p>Redevelopment of the study room<\/p>\n<\/p>\n\t\t\t\t\t<div class=\"bg-div\"><\/div>\n\t\t\t\t<\/div>\n\t\t\t<\/a>\n\t\t    <\/div>\n\t    \t       \t<div class=\"col-lg-3 col-md-4 col-sm-6 col-xs-12 clearfix\">\n\t       \t<a style=\"text-decoration: none;\" href=\"https:\/\/spacia.ca\/en\/realisations\/emeres\/\">\n\t        \t        <div class=\"blog_image\" style=\"background-image: url(https:\/\/spacia.ca\/wp-content\/uploads\/2019\/09\/Emeres_spacia_construction_espace_bureau_reception_corporatif.jpg);\"><\/div>\n\t        \t<div class=\"bottom-div\">\n\t        \t\t<h4>Emeres<\/h4>\n\t\t\t\t\t<p><p>Complete redevelopment of one floor<\/p>\n<\/p>\n\t\t\t\t\t<div class=\"bg-div\"><\/div>\n\t\t\t\t<\/div>\n\t\t\t<\/a>\n\t\t    <\/div>\n\t    \t       \t<div class=\"col-lg-3 col-md-4 col-sm-6 col-xs-12 clearfix\">\n\t       \t<a style=\"text-decoration: none;\" href=\"https:\/\/spacia.ca\/en\/realisations\/algolux\/\">\n\t        \t        <div class=\"blog_image\" style=\"background-image: url(https:\/\/spacia.ca\/wp-content\/uploads\/2019\/08\/Algolux_amenagement_bureau_budget.jpg);\"><\/div>\n\t        \t<div class=\"bottom-div\">\n\t        \t\t<h4>Algolux<\/h4>\n\t\t\t\t\t<p><p>New optimal office layout<\/p>\n<\/p>\n\t\t\t\t\t<div class=\"bg-div\"><\/div>\n\t\t\t\t<\/div>\n\t\t\t<\/a>\n\t\t    <\/div>\n\t    \t       \t<div class=\"col-lg-3 col-md-4 col-sm-6 col-xs-12 clearfix\">\n\t       \t<a style=\"text-decoration: none;\" href=\"https:\/\/spacia.ca\/en\/realisations\/proprio-direct\/\">\n\t        \t        <div class=\"blog_image\" style=\"background-image: url(https:\/\/spacia.ca\/wp-content\/uploads\/2019\/08\/Proprio_Direct_Spacia_amenagement_construction_budget_bureau.jpg);\"><\/div>\n\t        \t<div class=\"bottom-div\">\n\t        \t\t<h4>Proprio Direct<\/h4>\n\t\t\t\t\t<p><p>Dynamic office layout<\/p>\n<\/p>\n\t\t\t\t\t<div class=\"bg-div\"><\/div>\n\t\t\t\t<\/div>\n\t\t\t<\/a>\n\t\t    <\/div>\n\t    \t       \t<div class=\"col-lg-3 col-md-4 col-sm-6 col-xs-12 clearfix\">\n\t       \t<a style=\"text-decoration: none;\" href=\"https:\/\/spacia.ca\/en\/realisations\/polar-bears-club\/\">\n\t        \t        <div class=\"blog_image\" style=\"background-image: url(https:\/\/spacia.ca\/wp-content\/uploads\/2019\/08\/Polar_Bears_club_spa_tendnace_design_bistro_look_design.jpg);\"><\/div>\n\t        \t<div class=\"bottom-div\">\n\t        \t\t<h4>Polar Bear&#8217;s Club<\/h4>\n\t\t\t\t\t<p><p>A new look for the bistro<\/p>\n<\/p>\n\t\t\t\t\t<div class=\"bg-div\"><\/div>\n\t\t\t\t<\/div>\n\t\t\t<\/a>\n\t\t    <\/div>\n\t    \t       \t<div class=\"col-lg-3 col-md-4 col-sm-6 col-xs-12 clearfix\">\n\t       \t<a style=\"text-decoration: none;\" href=\"https:\/\/spacia.ca\/en\/realisations\/90-beaubien-ouest-montreal\/\">\n\t        \t        <div class=\"blog_image\" style=\"background-image: url(https:\/\/spacia.ca\/wp-content\/uploads\/2019\/06\/90-Beaubien_ouest_montreal_Spacia_reamenagement_reception.jpg);\"><\/div>\n\t        \t<div class=\"bottom-div\">\n\t        \t\t<h4>90 Beaubien Ouest, Montr\u00e9al<\/h4>\n\t\t\t\t\t<p><p>Redevelopment of the main entrance<\/p>\n<\/p>\n\t\t\t\t\t<div class=\"bg-div\"><\/div>\n\t\t\t\t<\/div>\n\t\t\t<\/a>\n\t\t    <\/div>\n\t    \t       \t<div class=\"col-lg-3 col-md-4 col-sm-6 col-xs-12 clearfix\">\n\t       \t<a style=\"text-decoration: none;\" href=\"https:\/\/spacia.ca\/en\/realisations\/voyou-performance-creative\/\">\n\t        \t        <div class=\"blog_image\" style=\"background-image: url(https:\/\/spacia.ca\/wp-content\/uploads\/2016\/06\/Voyou.jpg);\"><\/div>\n\t        \t<div class=\"bottom-div\">\n\t        \t\t<h4>Voyou Performance Cr\u00e9ative<\/h4>\n\t\t\t\t\t<p><p>New optimal office layout<\/p>\n<\/p>\n\t\t\t\t\t<div class=\"bg-div\"><\/div>\n\t\t\t\t<\/div>\n\t\t\t<\/a>\n\t\t    <\/div>\n\t    \t       \t<div class=\"col-lg-3 col-md-4 col-sm-6 col-xs-12 clearfix\">\n\t       \t<a style=\"text-decoration: none;\" href=\"https:\/\/spacia.ca\/en\/realisations\/clinique-auditive-dg\/\">\n\t        \t        <div class=\"blog_image\" style=\"background-image: url(https:\/\/spacia.ca\/wp-content\/uploads\/2016\/04\/Clinique-auditive_D_G_renove_design_fonctionnel.jpg);\"><\/div>\n\t        \t<div class=\"bottom-div\">\n\t        \t\t<h4>Clinique Auditive D&#038;G<\/h4>\n\t\t\t\t\t<p><p>New optimal layout<\/p>\n<\/p>\n\t\t\t\t\t<div class=\"bg-div\"><\/div>\n\t\t\t\t<\/div>\n\t\t\t<\/a>\n\t\t    <\/div>\n\t    \t       \t<div class=\"col-lg-3 col-md-4 col-sm-6 col-xs-12 clearfix\">\n\t       \t<a style=\"text-decoration: none;\" href=\"https:\/\/spacia.ca\/en\/realisations\/aqcpe-association-quebecoise-des-cpe\/\">\n\t        \t        <div class=\"blog_image\" style=\"background-image: url(https:\/\/spacia.ca\/wp-content\/uploads\/2016\/04\/Association_quebecoise_CPE_construction-design-salle-conference.jpg);\"><\/div>\n\t        \t<div class=\"bottom-div\">\n\t        \t\t<h4>Association qu\u00e9b\u00e9coise des CPE<\/h4>\n\t\t\t\t\t<p><p>Optimal office layout<\/p>\n<\/p>\n\t\t\t\t\t<div class=\"bg-div\"><\/div>\n\t\t\t\t<\/div>\n\t\t\t<\/a>\n\t\t    <\/div>\n\t    \t       \t<div class=\"col-lg-3 col-md-4 col-sm-6 col-xs-12 clearfix\">\n\t       \t<a style=\"text-decoration: none;\" href=\"https:\/\/spacia.ca\/en\/realisations\/marche-store-blinds-to-go\/\">\n\t        \t        <div class=\"blog_image\" style=\"background-image: url(https:\/\/spacia.ca\/wp-content\/uploads\/2016\/02\/Marche-du-Store_blinds_to_go_construction_Mascouche_comptoir_corridor.jpg);\"><\/div>\n\t        \t<div class=\"bottom-div\">\n\t        \t\t<h4>March\u00e9 du Store &#8211; Blinds to go<\/h4>\n\t\t\t\t\t<p><p>Construction of a new complete building in the image of the<\/p>\n\t\t\t\t\t<div class=\"bg-div\"><\/div>\n\t\t\t\t<\/div>\n\t\t\t<\/a>\n\t\t    <\/div>\n\t    \t       \t<div class=\"col-lg-3 col-md-4 col-sm-6 col-xs-12 clearfix\">\n\t       \t<a style=\"text-decoration: none;\" href=\"https:\/\/spacia.ca\/en\/realisations\/issa-duval\/\">\n\t        \t        <div class=\"blog_image\" style=\"background-image: url(https:\/\/spacia.ca\/wp-content\/uploads\/2015\/05\/Topaze_residence_cuisine_ilot_cellier_spacia_construction_prestige.jpg);\"><\/div>\n\t        \t<div class=\"bottom-div\">\n\t        \t\t<h4>Le Roger-Lemelin<\/h4>\n\t\t\t\t\t<p><p>Design a personalized interior layout according to the specific<\/p>\n\t\t\t\t\t<div class=\"bg-div\"><\/div>\n\t\t\t\t<\/div>\n\t\t\t<\/a>\n\t\t    <\/div>\n\t    \t       \t<div class=\"col-lg-3 col-md-4 col-sm-6 col-xs-12 clearfix\">\n\t       \t<a style=\"text-decoration: none;\" href=\"https:\/\/spacia.ca\/en\/realisations\/st-jean-charbonneau\/\">\n\t        \t        <div class=\"blog_image\" style=\"background-image: url(https:\/\/spacia.ca\/wp-content\/uploads\/2016\/06\/St-Jean-Charbonneau.jpg);\"><\/div>\n\t        \t<div class=\"bottom-div\">\n\t        \t\t<h4>Le Topaze<\/h4>\n\t\t\t\t\t<p><p>Design a personalized interior layout according to the specific<\/p>\n\t\t\t\t\t<div class=\"bg-div\"><\/div>\n\t\t\t\t<\/div>\n\t\t\t<\/a>\n\t\t    <\/div>\n\t    \t       \t<div class=\"col-lg-3 col-md-4 col-sm-6 col-xs-12 clearfix\">\n\t       \t<a style=\"text-decoration: none;\" href=\"https:\/\/spacia.ca\/en\/realisations\/residence-pour-aines-le-clair-matin\/\">\n\t        \t        <div class=\"blog_image\" style=\"background-image: url(https:\/\/spacia.ca\/wp-content\/uploads\/2020\/05\/Le_Clair_Matin_residence_pour_aines_Cogir_Spacia.jpg);\"><\/div>\n\t        \t<div class=\"bottom-div\">\n\t        \t\t<h4>Le Clair Matin<\/h4>\n\t\t\t\t\t<p><p>Execute construction work<\/p>\n<\/p>\n\t\t\t\t\t<div class=\"bg-div\"><\/div>\n\t\t\t\t<\/div>\n\t\t\t<\/a>\n\t\t    <\/div>\n\t    \t       \t<div class=\"col-lg-3 col-md-4 col-sm-6 col-xs-12 clearfix\">\n\t       \t<a style=\"text-decoration: none;\" href=\"https:\/\/spacia.ca\/en\/realisations\/evoka-lintemporel\/\">\n\t        \t        <div class=\"blog_image\" style=\"background-image: url(https:\/\/spacia.ca\/wp-content\/uploads\/2020\/05\/Evoka_Intemporel_cuisine_constrcution_residentiel.jpg);\"><\/div>\n\t        \t<div class=\"bottom-div\">\n\t        \t\t<h4>EVOKA &#8211; l&#8217;Intemporel<\/h4>\n\t\t\t\t\t<p><p>Development of three model houses<\/p>\n<\/p>\n\t\t\t\t\t<div class=\"bg-div\"><\/div>\n\t\t\t\t<\/div>\n\t\t\t<\/a>\n\t\t    <\/div>\n\t        <\/div>\n\n<script type=\"text\/javascript\">\n\tjQuery(document).ready(function(){\n\t\tjQuery('.tab a').click(function(cont){\n\t        jQuery(this).each(function(){\n\n\t            var slug = jQuery(this).attr('id');\n\n\t            jQuery.get( \"https:\/\/spacia.ca\/wp-content\/themes\/bb-theme-child\/portfolajax.php\",\n\t                {\"val\": slug},\n\t                function(cont){\n\t                    jQuery('.section').html(cont);\n\t            });\n\t            jQuery(this).addClass('active').siblings('.active').removeClass('active');\n\t        });\n    \t});\n\t})\n<\/script>\n  \t\r\n","protected":false},"excerpt":{"rendered":"<p>Our Portfolio<\/p>\n","protected":false},"author":1,"featured_media":2540,"parent":0,"menu_order":0,"comment_status":"closed","ping_status":"closed","template":"portfolio.php","meta":{"footnotes":""},"class_list":["post-3419","page","type-page","status-publish","has-post-thumbnail","hentry"],"_links":{"self":[{"href":"https:\/\/spacia.ca\/en\/wp-json\/wp\/v2\/pages\/3419"}],"collection":[{"href":"https:\/\/spacia.ca\/en\/wp-json\/wp\/v2\/pages"}],"about":[{"href":"https:\/\/spacia.ca\/en\/wp-json\/wp\/v2\/types\/page"}],"author":[{"embeddable":true,"href":"https:\/\/spacia.ca\/en\/wp-json\/wp\/v2\/users\/1"}],"replies":[{"embeddable":true,"href":"https:\/\/spacia.ca\/en\/wp-json\/wp\/v2\/comments?post=3419"}],"version-history":[{"count":7,"href":"https:\/\/spacia.ca\/en\/wp-json\/wp\/v2\/pages\/3419\/revisions"}],"predecessor-version":[{"id":8318,"href":"https:\/\/spacia.ca\/en\/wp-json\/wp\/v2\/pages\/3419\/revisions\/8318"}],"wp:featuredmedia":[{"embeddable":true,"href":"https:\/\/spacia.ca\/en\/wp-json\/wp\/v2\/media\/2540"}],"wp:attachment":[{"href":"https:\/\/spacia.ca\/en\/wp-json\/wp\/v2\/media?parent=3419"}],"curies":[{"name":"wp","href":"https:\/\/api.w.org\/{rel}","templated":true}]}}