{"id":7934,"date":"2016-05-11T15:02:59","date_gmt":"2016-05-11T15:02:59","guid":{"rendered":"https:\/\/spacia.ca\/services\/"},"modified":"2026-02-17T13:51:13","modified_gmt":"2026-02-17T17:51:13","slug":"services","status":"publish","type":"page","link":"https:\/\/spacia.ca\/en\/services\/","title":{"rendered":"Services"},"content":{"rendered":"\n\n\t\t\t<!-- Breadcrumb NavXT 7.4.1 -->\n<span property=\"itemListElement\" typeof=\"ListItem\"><a property=\"item\" typeof=\"WebPage\" title=\"Go to Spacia.\" href=\"https:\/\/spacia.ca\/en\/\" class=\"home\" aria-current=\"page\"><span property=\"name\">Spacia<\/span><\/a><meta property=\"position\" content=\"1\"><\/span>  \t\n<h1>\n\t\t\tServices cl\u00e9 en main\t<\/h1>\n\tUne m\u00e9thode diff\u00e9rente pour r\u00e9aliser votre projet de r\u00e9novation ou de construction. \u00a0Nous r\u00e9alisons 80% des projets en mode conception-construction ce qui assure le contr\u00f4le des risques et \u00e9vite les erreurs lors de la r\u00e9alisation. Cette d\u00e9marche permet \u00a0de gagner du temps, de diminuer les co\u00fbts et d&#8217;\u00e9viter une multitude de situations d\u00e9cevantes.<br \/>\nPar o\u00f9 commencer pour partir du bon pied?<br \/>\nVoici les services\u00a0avec lesquels nous r\u00e9pondrons ad\u00e9quatement \u00e0 tous vos besoins.\n\t\t\t<a href=\"#construction\" target=\"_self\" rel=\"noopener\">\n\t\t\t\t\t\t\tCONSTRUCTION CL\u00c9 EN MAIN\n\t\t\t\t\t<\/a>\n\t\t\t<a href=\"#architecture\" target=\"_self\" rel=\"noopener\">\n\t\t\t\t\t\t\tARCHITECTURE\n\t\t\t\t\t<\/a>\n\t\t\t<a href=\"#design-dinterieur\" target=\"_self\" rel=\"noopener\">\n\t\t\t\t\t\t\tAm\u00e9nagement int\u00e9rieur\n\t\t\t\t\t<\/a>\n\t\t\t<a href=\"#amenagement-de-bureau\" target=\"_self\" rel=\"noopener\">\n\t\t\t\t\t\t\tAm\u00e9nagement de bureau\n\t\t\t\t\t<\/a>\n<h2  id=\"construction\">\n\t\t\tConstruction cl\u00e9 en main\t<\/h2>\n\t<p>Se lancer dans un projet de construction commercial ou r\u00e9sidentiel peut demander beaucoup de temps, de gestion et d&#8217;implication. Vous devez faire appel \u00e0 des professionnels pour le financement, l&#8217;acquisition d&#8217;immeuble et la r\u00e9alisation des plans et devis pour la construction, en plus de coordonner tous les sous-traitants<\/p>\n<h2>\n\t\t\tPourquoi choisir Spacia construction cl\u00e9 en main\t<\/h2>\n\t<p>SPACIA vous facilite la t\u00e2che en orchestrant le tout gr\u00e2ce \u00e0 ses services cl\u00e9s en main de conception-construction. Notre licence d&#8217;entrepreneur g\u00e9n\u00e9ral de la R\u00e9gie du b\u00e2timent du Qu\u00e9bec (RBQ) nous permet de g\u00e9rer pour vous l&#8217;ensemble de votre projet de construction, et ce, de l&#8217;\u00e9tablissement des plans \u00e0 la livraison<\/p>\n<h2>\n\t\t\tNos champs d&#8217;expertise\t<\/h2>\n\t<p>R\u00c9NOVATION &#8211; AGRANDISSEMENT &#8211; CONSTRUCTION NEUVE<\/p>\n\t\t\t<a href=\"https:\/\/spacia.ca\/services\/services-de-construction-cle-en-main\/\" target=\"_self\" rel=\"noopener\">\n\t\t\t\t\t\t\tEN SAVOIR PLUS\n\t\t\t\t\t<\/a>\n<h2  id=\"architecture\">\n\t\t\tArchitecture\t<\/h2>\n\t<p>Faire appel \u00e0 des services d&#8217;architecture est in\u00e9vitable lors de la conception de l&#8217;enveloppe et de la structure d&#8217;une b\u00e2tisse. L&#8217;implantation du b\u00e2timent, les acc\u00e8s divers, les exigences de performance \u00e9nerg\u00e9tique ainsi que l&#8217;application de la r\u00e9glementation sont \u00e9tudi\u00e9s afin d&#8217;en assurer la conformit\u00e9<\/p>\n<h2>\n\t\t\tPourquoi choisir Spacia architecture\t<\/h2>\n\t<p>Lors du d\u00e9veloppement du concept, en collaboration avec le designer, nos collaborateurs dressent des plans d\u00e9finitifs qui int\u00e8grent les d\u00e9cisions prises pour : les rev\u00eatements ext\u00e9rieurs, les sous-syst\u00e8mes, la structure, etc. Tout d\u00e9tail, n\u00e9cessaire \u00e0 la compr\u00e9hension et \u00e0 la r\u00e9alisation du projet, est donc ex\u00e9cut\u00e9 selon les r\u00e8gles de l&#8217;art<\/p>\n<h2>\n\t\t\tNos champs d&#8217;expertise\t<\/h2>\n\t<p>R\u00c9NOVATION &#8211; AGRANDISSEMENT &#8211; CONSTRUCTION NEUVE<\/p>\n\t\t\t<a href=\"https:\/\/spacia.ca\/services\/architecte-commercial\/%20\" target=\"_self\" rel=\"noopener\">\n\t\t\t\t\t\t\tEN SAVOIR PLUS\n\t\t\t\t\t<\/a>\n<h2  id=\"design-dinterieur\">\n\t\t\tAm\u00e9nagement int\u00e9rieur\t<\/h2>\n\t<p>Le cr\u00e9er, le structurer, le revisiter, l&#8217;am\u00e9nager ou le transformer, l&#8217;espace est la pierre angulaire du travail nos designers d&#8217;int\u00e9rieur. Notre approche cr\u00e9ative continuellement renouvel\u00e9e nous permet de r\u00e9pondre de mani\u00e8re concr\u00e8te \u00e0 vos ambitions<\/p>\n<p>S&#8217;adressant aux entreprises et aux particuliers, SPACIA est un alli\u00e9 de choix pour cr\u00e9er un milieu de vie fonctionnel et unique, et ce, en vous guidant tout au long du processus de conception. \u00c0 la suite de rencontres ponctuelles et strat\u00e9giques, nous analysons minutieusement votre situation et dressons des plans et devis techniques qui r\u00e9pondent \u00e0 vos besoins et qui sont n\u00e9cessaires \u00e0 la r\u00e9alisation de votre projet. Notre but? Votre bien-\u00eatre et votre satisfaction. Voil\u00e0 l&#8217;essence m\u00eame de notre processus cr\u00e9atif!<\/p>\n<h2>\n\t\t\tPourquoi choisir Spacia design d&#8217;int\u00e9rieur\t<\/h2>\n\t<p>Notre expertise technique va plus loin que la cr\u00e9ation d&#8217;ambiance et de d\u00e9cors. Nos connaissances en architecture et en construction nous permettent de refa\u00e7onner et d&#8217;am\u00e9liorer votre environnement tout en tenant compte des standards d&#8217;ergonomie et de ceux de l&#8217;industrie. Du concept cr\u00e9atif \u00e0 l&#8217;\u00e9laboration des plans d&#8217;am\u00e9nagement, jusqu&#8217;\u00e0 la r\u00e9alisation des travaux, notre \u00e9quipe est pr\u00e9sente \u00e0 chacune des \u00e9tapes pour optimiser l&#8217;espace et pour veiller \u00e0 la gestion de votre projet de design d&#8217;int\u00e9rieur.<\/p>\n<h2>\n\t\t\tNos champs d&#8217;expertise\t<\/h2>\n\t<p>R\u00c9NOVATION &#8211; AGRANDISSEMENT &#8211; CONSTRUCTION NEUVE<\/p>\n\t\t\t<a href=\"https:\/\/spacia.ca\/services\/amenagement-interieur\/\" target=\"_self\" rel=\"noopener\">\n\t\t\t\t\t\t\tEN SAVOIR PLUS\n\t\t\t\t\t<\/a>\n<h2  id=\"amenagement-de-bureau\">\n\t\t\tAm\u00e9nagement de bureau\t<\/h2>\n\t<p>Faire appel \u00e0 des services d&#8217;architecture est in\u00e9vitable lors de la conception de l&#8217;enveloppe et de la structure d&#8217;une b\u00e2tisse. L&#8217;implantation du b\u00e2timent, les acc\u00e8s divers, les exigences de performance \u00e9nerg\u00e9tique ainsi que l&#8217;application de la r\u00e9glementation sont \u00e9tudi\u00e9s afin d&#8217;en assurer la conformit\u00e9<\/p>\n<h2>\n\t\t\tPourquoi choisir Spacia am\u00e9nagement de bureau\t<\/h2>\n\t<p>Lors du d\u00e9veloppement du concept, en collaboration avec le designer, nos collaborateurs dressent des plans d\u00e9finitifs qui int\u00e8grent les d\u00e9cisions prises pour : les rev\u00eatements ext\u00e9rieurs, les sous-syst\u00e8mes, la structure, etc. Tout d\u00e9tail, n\u00e9cessaire \u00e0 la compr\u00e9hension et \u00e0 la r\u00e9alisation du projet, est donc ex\u00e9cut\u00e9 selon les r\u00e8gles de l&#8217;art<\/p>\n<h2>\n\t\t\tNos champs d&#8217;expertise\t<\/h2>\n\t<p>R\u00c9NOVATION &#8211; AGRANDISSEMENT &#8211; CONSTRUCTION NEUVE<\/p>\n<p><a href=\"https:\/\/espaceacoustique.ca\/services\/enveloppe-de-batiment\/\" target=\"_blank\" rel=\"noopener\">Enveloppe de b\u00e2timent<\/a><\/p>\n\t\t\t<a href=\"https:\/\/spacia.ca\/services\/amenagement-de-bureau\/\" target=\"_self\" rel=\"noopener\">\n\t\t\t\t\t\t\tEN SAVOIR PLUS\n\t\t\t\t\t<\/a>\n\t\t<h3>Parlez-nous de votre projet.<\/h3>\n\t\t\t<a href=\"\" target=\"_self\" rel=\"noopener\">\n\t\t\t\t\t\t\tESTIMATION GRATUITE\n\t\t\t\t\t<\/a>\n\t\t\t\t<img decoding=\"async\" src=\"https:\/\/spacia.ca\/wp-content\/uploads\/2019\/08\/guide_left2.jpg\" alt=\"guide_left2\" itemprop=\"image\" height=\"463\" width=\"372\" title=\"guide_left2\" onerror=\"this.style.display='none'\" loading=\"lazy\" \/>\n<h3>\n\t\t\tGuide to evaluating your office spaces\t<\/h3>\n\t<p>Your business is growing and you are planning to hire new employees? Do you have the space to accommodate them in your company?<\/p>\n<p>Evaluate your spaces with our free practical guide!<\/p>\n\t\t\t<a href=\"https:\/\/spacia.ca\/en\/guide-to-evaluating-your-office-spaces-2\/\" target=\"_self\" rel=\"noopener\">\n\t\t\t\t\t\t\tGET YOUR GUIDE\n\t\t\t\t\t<\/a>\n\t\t\t\t<img decoding=\"async\" src=\"https:\/\/spacia.ca\/wp-content\/uploads\/2019\/08\/guide_right1.jpg\" alt=\"guide_right1\" itemprop=\"image\" height=\"354\" width=\"378\" title=\"guide_right1\" onerror=\"this.style.display='none'\" loading=\"lazy\" \/>\n<h3>\n\t\t\tUltimate Guide: Redevelopment, Expansion or Construction\t<\/h3>\n\t<p>It&#8217;s time to make more space for your growing business! But what is the best option for your business?<\/p>\n<p>Renovating your offices, expanding or opting for a new construction?<\/p>\n\t\t\t<a href=\"https:\/\/spacia.ca\/en\/ultimate-guide-redevelopment-expansion-or-construction\/\" target=\"_self\" rel=\"noopener\">\n\t\t\t\t\t\t\tGET YOUR GUIDE\n\t\t\t\t\t<\/a>\n\n","protected":false},"excerpt":{"rendered":"","protected":false},"author":1,"featured_media":2540,"parent":0,"menu_order":0,"comment_status":"closed","ping_status":"closed","template":"","meta":{"footnotes":""},"class_list":["post-7934","page","type-page","status-publish","has-post-thumbnail","hentry"],"_links":{"self":[{"href":"https:\/\/spacia.ca\/en\/wp-json\/wp\/v2\/pages\/7934"}],"collection":[{"href":"https:\/\/spacia.ca\/en\/wp-json\/wp\/v2\/pages"}],"about":[{"href":"https:\/\/spacia.ca\/en\/wp-json\/wp\/v2\/types\/page"}],"author":[{"embeddable":true,"href":"https:\/\/spacia.ca\/en\/wp-json\/wp\/v2\/users\/1"}],"replies":[{"embeddable":true,"href":"https:\/\/spacia.ca\/en\/wp-json\/wp\/v2\/comments?post=7934"}],"version-history":[{"count":3,"href":"https:\/\/spacia.ca\/en\/wp-json\/wp\/v2\/pages\/7934\/revisions"}],"predecessor-version":[{"id":8321,"href":"https:\/\/spacia.ca\/en\/wp-json\/wp\/v2\/pages\/7934\/revisions\/8321"}],"wp:featuredmedia":[{"embeddable":true,"href":"https:\/\/spacia.ca\/en\/wp-json\/wp\/v2\/media\/2540"}],"wp:attachment":[{"href":"https:\/\/spacia.ca\/en\/wp-json\/wp\/v2\/media?parent=7934"}],"curies":[{"name":"wp","href":"https:\/\/api.w.org\/{rel}","templated":true}]}}