{"id":7984,"date":"2021-09-23T11:58:08","date_gmt":"2021-09-23T15:58:08","guid":{"rendered":"https:\/\/spacia.ca\/sitemap\/"},"modified":"2025-11-26T16:53:30","modified_gmt":"2025-11-26T20:53:30","slug":"sitemap","status":"publish","type":"page","link":"https:\/\/spacia.ca\/en\/sitemap\/","title":{"rendered":"Sitemap"},"content":{"rendered":"<div class=\"wsp-container\"><h2 class=\"wsp-pages-title\">Pages<\/h2>\n<ul class=\"wsp-pages-list\">\n<li class=\"page_item page-item-4307\"><a href=\"https:\/\/spacia.ca\/en\/blog\/\">Blog<\/a><\/li>\n<li class=\"page_item page-item-3415\"><a href=\"https:\/\/spacia.ca\/en\/contact-us\/\">Contact us<\/a><\/li>\n<li class=\"page_item page-item-8175\"><a href=\"https:\/\/spacia.ca\/en\/fr\/\">FR<\/a><\/li>\n<li class=\"page_item page-item-3397\"><a href=\"https:\/\/spacia.ca\/en\/free-estimate-request\/\">Free estimate request<\/a><\/li>\n<li class=\"page_item page-item-3293\"><a href=\"https:\/\/spacia.ca\/en\/\">Home<\/a><\/li>\n<li class=\"page_item page-item-3411\"><a href=\"https:\/\/spacia.ca\/en\/message-sent\/\">Message sent!<\/a><\/li>\n<li class=\"page_item page-item-3412\"><a href=\"https:\/\/spacia.ca\/en\/our-team\/\">Our team<\/a><\/li>\n<li class=\"page_item page-item-3416\"><a href=\"https:\/\/spacia.ca\/en\/privacy-policy\/\">Privacy policy<\/a><\/li>\n<li class=\"page_item page-item-3419\"><a href=\"https:\/\/spacia.ca\/en\/realisations\/\">Realisations<\/a><\/li>\n<li class=\"page_item page-item-7934\"><a href=\"https:\/\/spacia.ca\/en\/services\/\">Services<\/a><\/li>\n<li class=\"page_item page-item-7984\"><a href=\"https:\/\/spacia.ca\/en\/sitemap\/\">Sitemap<\/a><\/li>\n<li class=\"page_item page-item-3410\"><a href=\"https:\/\/spacia.ca\/en\/thank-you-for-applying-to-spacia\/\">Thank you for applying to SPACIA<\/a><\/li>\n<li class=\"page_item page-item-3418\"><a href=\"https:\/\/spacia.ca\/en\/thank-you-for-your-confidence\/\">Thank you for your confidence<\/a><\/li>\n<li class=\"page_item page-item-3392\"><a href=\"https:\/\/spacia.ca\/en\/thank-you-for-your-consultation-request\/\">Thank you for your consultation request<\/a><\/li>\n<\/ul>\n<h2 class=\"wsp-portfolios-title\">Portfolio Category<\/h2>\n<ul class=\"wsp-portfolios-list\">\n<li><a href=\"https:\/\/spacia.ca\/en\/realisations\/nord-sud-honda\/\">Nord Sud Honda<\/a><\/li>\n<li><a href=\"https:\/\/spacia.ca\/en\/realisations\/federation-des-medecins-residents-du-quebec-2\/\">F\u00e9d\u00e9ration des m\u00e9decins r\u00e9sidents du Qu\u00e9bec<\/a><\/li>\n<li><a href=\"https:\/\/spacia.ca\/en\/realisations\/college-de-limmobilier-du-quebec\/\">Coll\u00e8ge de l'Immobilier du Qu\u00e9bec<\/a><\/li>\n<li><a href=\"https:\/\/spacia.ca\/en\/realisations\/corbeil-electromenagers-carrefour-laval\/\">Corbeil \u00c9lectrom\u00e9nagers - Carrefour Laval<\/a><\/li>\n<li><a href=\"https:\/\/spacia.ca\/en\/realisations\/cabana-seguin\/\">Cabana S\u00e9guin<\/a><\/li>\n<li><a href=\"https:\/\/spacia.ca\/en\/realisations\/bicycles-quilicot\/\">Bicycles Quilicot<\/a><\/li>\n<li><a href=\"https:\/\/spacia.ca\/en\/realisations\/f-i-t-ventures\/\">F.I.T. Ventures<\/a><\/li>\n<li><a href=\"https:\/\/spacia.ca\/en\/realisations\/gsoft\/\">GSOFT<\/a><\/li>\n<li><a href=\"https:\/\/spacia.ca\/en\/realisations\/acier-pointe-claire\/\">Acier Pointe-Claire<\/a><\/li>\n<li><a href=\"https:\/\/spacia.ca\/en\/realisations\/logient\/\">LOGIENT<\/a><\/li>\n<li><a href=\"https:\/\/spacia.ca\/en\/realisations\/espace-de-coworking-2c2b-boisbriand\/\">2C2B Boisbriand<\/a><\/li>\n<li><a href=\"https:\/\/spacia.ca\/en\/realisations\/les-nettoyeurs-whites\/\">Les Nettoyeurs White's<\/a><\/li>\n<li><a href=\"https:\/\/spacia.ca\/en\/realisations\/aveva\/\">AVEVA<\/a><\/li>\n<li><a href=\"https:\/\/spacia.ca\/en\/realisations\/carebook\/\">Carebook<\/a><\/li>\n<li><a href=\"https:\/\/spacia.ca\/en\/realisations\/point-g\/\">POINT G<\/a><\/li>\n<li><a href=\"https:\/\/spacia.ca\/en\/realisations\/nu-tone-co\/\">Nu . Tone &amp; co<\/a><\/li>\n<li><a href=\"https:\/\/spacia.ca\/en\/realisations\/liverpool-house\/\">LiverPool House<\/a><\/li>\n<li><a href=\"https:\/\/spacia.ca\/en\/realisations\/aquafab\/\">AQUAFAB<\/a><\/li>\n<li><a href=\"https:\/\/spacia.ca\/en\/realisations\/__trashed\/\">ABC Clinique Sant\u00e9<\/a><\/li>\n<li><a href=\"https:\/\/spacia.ca\/en\/realisations\/bilboquet\/\">Bilboquet<\/a><\/li>\n<li><a href=\"https:\/\/spacia.ca\/en\/realisations\/aesus\/\">Aesus<\/a><\/li>\n<li><a href=\"https:\/\/spacia.ca\/en\/realisations\/centre-dentaire-les-cours\/\">Centre Dentaire Les Cours<\/a><\/li>\n<li><a href=\"https:\/\/spacia.ca\/en\/realisations\/c3-solutions\/\">C3 Solutions<\/a><\/li>\n<li><a href=\"https:\/\/spacia.ca\/en\/realisations\/club-atwater\/\">Club Atwater<\/a><\/li>\n<li><a href=\"https:\/\/spacia.ca\/en\/realisations\/emeres\/\">Emeres<\/a><\/li>\n<li><a href=\"https:\/\/spacia.ca\/en\/realisations\/algolux\/\">Algolux<\/a><\/li>\n<li><a href=\"https:\/\/spacia.ca\/en\/realisations\/proprio-direct\/\">Proprio Direct<\/a><\/li>\n<li><a href=\"https:\/\/spacia.ca\/en\/realisations\/polar-bears-club\/\">Polar Bear's Club<\/a><\/li>\n<li><a href=\"https:\/\/spacia.ca\/en\/realisations\/90-beaubien-ouest-montreal\/\">90 Beaubien Ouest, Montr\u00e9al<\/a><\/li>\n<li><a href=\"https:\/\/spacia.ca\/en\/realisations\/voyou-performance-creative\/\">Voyou Performance Cr\u00e9ative<\/a><\/li>\n<li><a href=\"https:\/\/spacia.ca\/en\/realisations\/clinique-auditive-dg\/\">Clinique Auditive D&amp;G<\/a><\/li>\n<li><a href=\"https:\/\/spacia.ca\/en\/realisations\/aqcpe-association-quebecoise-des-cpe\/\">Association qu\u00e9b\u00e9coise des CPE<\/a><\/li>\n<li><a href=\"https:\/\/spacia.ca\/en\/realisations\/marche-store-blinds-to-go\/\">March\u00e9 du Store - Blinds to go<\/a><\/li>\n<li><a href=\"https:\/\/spacia.ca\/en\/realisations\/issa-duval\/\">Le Roger-Lemelin<\/a><\/li>\n<li><a href=\"https:\/\/spacia.ca\/en\/realisations\/st-jean-charbonneau\/\">Le Topaze<\/a><\/li>\n<li><a href=\"https:\/\/spacia.ca\/en\/realisations\/residence-pour-aines-le-clair-matin\/\">Le Clair Matin<\/a><\/li>\n<li><a href=\"https:\/\/spacia.ca\/en\/realisations\/evoka-lintemporel\/\">EVOKA - l'Intemporel<\/a><\/li>\n<\/ul>\n<h2 class=\"wsp-servicescats-title\">Services Category<\/h2>\n<ul class=\"wsp-servicescats-list\">\n<li><a href=\"https:\/\/spacia.ca\/en\/services\/commercial-design-build\/\">Commercial Design-Build<\/a><\/li>\n<li><a href=\"https:\/\/spacia.ca\/en\/services\/commercial-interior-design\/\">Commercial Interior Design<\/a><\/li>\n<li><a href=\"https:\/\/spacia.ca\/en\/services\/interior-systems-1\/\">Metal and Drywall Installation<\/a><\/li>\n<li><a href=\"https:\/\/spacia.ca\/en\/services\/industrial-construction-2\/\">Industrial Construction<\/a><\/li>\n<li><a href=\"https:\/\/spacia.ca\/en\/services\/commercial-and-industrial-building-expansion\/\">Commercial and Industrial Building Expansion<\/a><\/li>\n<li><a href=\"https:\/\/spacia.ca\/en\/services\/smart-interior-design\/\">Smart Interior Design<\/a><\/li>\n<li><a href=\"https:\/\/spacia.ca\/en\/services\/multi-unit-construction\/\">Multi-Unit Construction<\/a><\/li>\n<li><a href=\"https:\/\/spacia.ca\/en\/services\/office-interior-design\/\">Office Interior Design<\/a><\/li>\n<li><a href=\"https:\/\/spacia.ca\/en\/services\/commercial-architecture-2\/\">Commercial Architecture<\/a><\/li>\n<li><a href=\"https:\/\/spacia.ca\/en\/services\/turnkey-construction-projects\/\">Turnkey Construction Projects<\/a><\/li>\n<li><a href=\"https:\/\/spacia.ca\/en\/services\/mixed-use-construction-projects\/\">Mixed-Use Construction Projects<\/a><\/li>\n<li><a href=\"https:\/\/spacia.ca\/en\/services\/medical-clinic-construction\/\">Medical Clinic Construction<\/a><\/li>\n<li><a href=\"https:\/\/spacia.ca\/en\/services\/renovation-commerciale\/\">Commercial Renovation<\/a><\/li>\n<li><a href=\"https:\/\/spacia.ca\/en\/services\/general-contractor\/\">Commercial General Contractor for Your Construction Projects<\/a><\/li>\n<\/ul>\n<\/div>\n","protected":false},"excerpt":{"rendered":"","protected":false},"author":2,"featured_media":0,"parent":0,"menu_order":0,"comment_status":"closed","ping_status":"closed","template":"","meta":{"footnotes":""},"class_list":["post-7984","page","type-page","status-publish","hentry"],"_links":{"self":[{"href":"https:\/\/spacia.ca\/en\/wp-json\/wp\/v2\/pages\/7984"}],"collection":[{"href":"https:\/\/spacia.ca\/en\/wp-json\/wp\/v2\/pages"}],"about":[{"href":"https:\/\/spacia.ca\/en\/wp-json\/wp\/v2\/types\/page"}],"author":[{"embeddable":true,"href":"https:\/\/spacia.ca\/en\/wp-json\/wp\/v2\/users\/2"}],"replies":[{"embeddable":true,"href":"https:\/\/spacia.ca\/en\/wp-json\/wp\/v2\/comments?post=7984"}],"version-history":[{"count":1,"href":"https:\/\/spacia.ca\/en\/wp-json\/wp\/v2\/pages\/7984\/revisions"}],"predecessor-version":[{"id":8232,"href":"https:\/\/spacia.ca\/en\/wp-json\/wp\/v2\/pages\/7984\/revisions\/8232"}],"wp:attachment":[{"href":"https:\/\/spacia.ca\/en\/wp-json\/wp\/v2\/media?parent=7984"}],"curies":[{"name":"wp","href":"https:\/\/api.w.org\/{rel}","templated":true}]}}